{"id":28,"date":"2025-03-13T07:44:11","date_gmt":"2025-03-13T07:44:11","guid":{"rendered":"https:\/\/thefilmby.7szkola.pl\/?page_id=28"},"modified":"2025-04-03T06:28:43","modified_gmt":"2025-04-03T06:28:43","slug":"tworcy","status":"publish","type":"page","link":"https:\/\/thefilmby.7szkola.pl\/index.php\/tworcy\/","title":{"rendered":"Tw\u00f3rcy"},"content":{"rendered":"\n<p>Tutaj poznasz ludzi, kt\u00f3rzy stoj\u0105 za nasz\u0105 pasj\u0105, kreatywno\u015bci\u0105 i nieustannym d\u0105\u017ceniem do rozwoju. Ka\u017cdy z tw\u00f3rc\u00f3w wnosi co\u015b wyj\u0105tkowego, tworz\u0105c niezapomniane do\u015bwiadczenia, kt\u00f3re inspirowa\u0107 mog\u0105 innych.<\/p>\n\n\n\n<p><strong>Zofia Ni\u017cy\u0144ska <\/strong><\/p>\n\n\n\n<p><strong>Karolina Ma\u0142ecka<\/strong><\/p>\n\n\n\n<p><strong>Gabriela Si\u0144czak<\/strong><\/p>\n\n\n\n<p><strong>Julia Kaleta<\/strong><\/p>\n\n\n\n<figure class=\"wp-block-image alignright size-full\"><img loading=\"lazy\" decoding=\"async\" width=\"800\" height=\"296\" src=\"https:\/\/thefilmby.7szkola.pl\/wp-content\/uploads\/2025\/04\/Image.jpg\" alt=\"\" class=\"wp-image-121\" srcset=\"https:\/\/thefilmby.7szkola.pl\/wp-content\/uploads\/2025\/04\/Image.jpg 800w, https:\/\/thefilmby.7szkola.pl\/wp-content\/uploads\/2025\/04\/Image-300x111.jpg 300w, https:\/\/thefilmby.7szkola.pl\/wp-content\/uploads\/2025\/04\/Image-768x284.jpg 768w\" sizes=\"auto, (max-width: 800px) 100vw, 800px\" \/><figcaption class=\"wp-element-caption\">To my \ud83d\ude09<\/figcaption><\/figure>\n\n\n\n<p><\/p>\n","protected":false},"excerpt":{"rendered":"<p>Tutaj poznasz ludzi, kt\u00f3rzy stoj\u0105 za nasz\u0105 pasj\u0105, kreatywno\u015bci\u0105 i nieustannym d\u0105\u017ceniem do rozwoju. Ka\u017cdy z tw\u00f3rc\u00f3w wnosi co\u015b wyj\u0105tkowego, tworz\u0105c niezapomniane do\u015bwiadczenia, kt\u00f3re inspirowa\u0107 mog\u0105 innych. Zofia Ni\u017cy\u0144ska Karolina Ma\u0142ecka Gabriela Si\u0144czak Julia Kaleta<\/p>\n","protected":false},"author":1,"featured_media":0,"parent":0,"menu_order":0,"comment_status":"closed","ping_status":"closed","template":"","meta":{"footnotes":""},"class_list":["post-28","page","type-page","status-publish","hentry"],"_links":{"self":[{"href":"https:\/\/thefilmby.7szkola.pl\/index.php\/wp-json\/wp\/v2\/pages\/28","targetHints":{"allow":["GET"]}}],"collection":[{"href":"https:\/\/thefilmby.7szkola.pl\/index.php\/wp-json\/wp\/v2\/pages"}],"about":[{"href":"https:\/\/thefilmby.7szkola.pl\/index.php\/wp-json\/wp\/v2\/types\/page"}],"author":[{"embeddable":true,"href":"https:\/\/thefilmby.7szkola.pl\/index.php\/wp-json\/wp\/v2\/users\/1"}],"replies":[{"embeddable":true,"href":"https:\/\/thefilmby.7szkola.pl\/index.php\/wp-json\/wp\/v2\/comments?post=28"}],"version-history":[{"count":6,"href":"https:\/\/thefilmby.7szkola.pl\/index.php\/wp-json\/wp\/v2\/pages\/28\/revisions"}],"predecessor-version":[{"id":124,"href":"https:\/\/thefilmby.7szkola.pl\/index.php\/wp-json\/wp\/v2\/pages\/28\/revisions\/124"}],"wp:attachment":[{"href":"https:\/\/thefilmby.7szkola.pl\/index.php\/wp-json\/wp\/v2\/media?parent=28"}],"curies":[{"name":"wp","href":"https:\/\/api.w.org\/{rel}","templated":true}]}}