{"id":29,"date":"2025-03-13T07:40:31","date_gmt":"2025-03-13T07:40:31","guid":{"rendered":"https:\/\/thefilmby.7szkola.pl\/?page_id=29"},"modified":"2025-03-13T08:38:56","modified_gmt":"2025-03-13T08:38:56","slug":"fabula","status":"publish","type":"page","link":"https:\/\/thefilmby.7szkola.pl\/index.php\/fabula\/","title":{"rendered":"Fabu\u0142a"},"content":{"rendered":"\n<p><\/p>\n\n\n\n<div class=\"wp-block-group alignfull has-background-background-color has-background has-global-padding is-layout-constrained wp-container-core-group-is-layout-7d1597ee wp-block-group-is-layout-constrained\" style=\"border-top-width:1px;margin-top:0;margin-bottom:0;padding-top:var(--wp--preset--spacing--60);padding-right:0;padding-bottom:var(--wp--preset--spacing--60);padding-left:0\">\n<div class=\"wp-block-group alignwide has-global-padding is-layout-constrained wp-block-group-is-layout-constrained\">\n<div class=\"wp-block-columns alignwide is-layout-flex wp-container-core-columns-is-layout-d0bbbce0 wp-block-columns-is-layout-flex\">\n<div class=\"wp-block-column is-layout-flow wp-block-column-is-layout-flow\"><\/div>\n\n\n\n<div class=\"wp-block-column is-vertically-aligned-top is-layout-flow wp-block-column-is-layout-flow\">\n<p style=\"margin-top:16px\"><strong>Film rozpoczyna si\u0119 w ma\u0142ym, opustosza\u0142ym miasteczku w g\u00f3rzystej okolicy, kt\u00f3re od lat nie cieszy si\u0119 \u017cadn\u0105 uwag\u0105 turyst\u00f3w. Zatrzymuje si\u0119 w nim niewielka grupa podr\u00f3\u017cnych \u2013 tajemnicza kobieta, m\u0142ody m\u0119\u017cczyzna i starzej\u0105cy si\u0119 detektyw, kt\u00f3rzy przypadkiem trafili na t\u0119 zapomnian\u0105 przez \u015bwiat miejscowo\u015b\u0107. Niezwyk\u0142y, cho\u0107 niepokoj\u0105cy, spok\u00f3j tego miejsca kryje w sobie co\u015b mrocznego.<\/strong><\/p>\n<\/div>\n<\/div>\n<\/div>\n\n\n\n<div class=\"wp-block-group alignwide is-layout-grid wp-container-core-group-is-layout-9f4e5c95 wp-block-group-is-layout-grid\">\n<figure class=\"wp-block-image size-full\"><img loading=\"lazy\" decoding=\"async\" width=\"1024\" height=\"683\" src=\"http:\/\/thefilmby.7szkola.pl\/wp-content\/uploads\/2025\/03\/image-3.png\" alt=\"\" class=\"wp-image-59\" srcset=\"https:\/\/thefilmby.7szkola.pl\/wp-content\/uploads\/2025\/03\/image-3.png 1024w, https:\/\/thefilmby.7szkola.pl\/wp-content\/uploads\/2025\/03\/image-3-300x200.png 300w, https:\/\/thefilmby.7szkola.pl\/wp-content\/uploads\/2025\/03\/image-3-768x512.png 768w\" sizes=\"auto, (max-width: 1024px) 100vw, 1024px\" \/><\/figure>\n\n\n\n<figure class=\"wp-block-image size-full\"><img loading=\"lazy\" decoding=\"async\" width=\"1024\" height=\"683\" src=\"http:\/\/thefilmby.7szkola.pl\/wp-content\/uploads\/2025\/02\/image-2.webp\" alt=\"\" class=\"wp-image-37\" srcset=\"https:\/\/thefilmby.7szkola.pl\/wp-content\/uploads\/2025\/02\/image-2.webp 1024w, https:\/\/thefilmby.7szkola.pl\/wp-content\/uploads\/2025\/02\/image-2-300x200.webp 300w, https:\/\/thefilmby.7szkola.pl\/wp-content\/uploads\/2025\/02\/image-2-768x512.webp 768w\" sizes=\"auto, (max-width: 1024px) 100vw, 1024px\" \/><\/figure>\n\n\n\n<figure class=\"wp-block-image size-full\"><img loading=\"lazy\" decoding=\"async\" width=\"1024\" height=\"678\" src=\"http:\/\/thefilmby.7szkola.pl\/wp-content\/uploads\/2025\/02\/image-1.webp\" alt=\"\" class=\"wp-image-35\" srcset=\"https:\/\/thefilmby.7szkola.pl\/wp-content\/uploads\/2025\/02\/image-1.webp 1024w, https:\/\/thefilmby.7szkola.pl\/wp-content\/uploads\/2025\/02\/image-1-300x199.webp 300w, https:\/\/thefilmby.7szkola.pl\/wp-content\/uploads\/2025\/02\/image-1-768x509.webp 768w\" sizes=\"auto, (max-width: 1024px) 100vw, 1024px\" \/><\/figure>\n<\/div>\n<\/div>\n\n\n\n<p><\/p>\n","protected":false},"excerpt":{"rendered":"<p>Film rozpoczyna si\u0119 w ma\u0142ym, opustosza\u0142ym miasteczku w g\u00f3rzystej okolicy, kt\u00f3re od lat nie cieszy si\u0119 \u017cadn\u0105 uwag\u0105 turyst\u00f3w. Zatrzymuje si\u0119 w nim niewielka grupa podr\u00f3\u017cnych \u2013 tajemnicza kobieta, m\u0142ody m\u0119\u017cczyzna i starzej\u0105cy si\u0119 detektyw, kt\u00f3rzy przypadkiem trafili na t\u0119 zapomnian\u0105 przez \u015bwiat miejscowo\u015b\u0107. Niezwyk\u0142y, cho\u0107 niepokoj\u0105cy, spok\u00f3j tego miejsca kryje w sobie co\u015b mrocznego.<\/p>\n","protected":false},"author":1,"featured_media":0,"parent":0,"menu_order":0,"comment_status":"closed","ping_status":"closed","template":"","meta":{"footnotes":""},"class_list":["post-29","page","type-page","status-publish","hentry"],"_links":{"self":[{"href":"https:\/\/thefilmby.7szkola.pl\/index.php\/wp-json\/wp\/v2\/pages\/29","targetHints":{"allow":["GET"]}}],"collection":[{"href":"https:\/\/thefilmby.7szkola.pl\/index.php\/wp-json\/wp\/v2\/pages"}],"about":[{"href":"https:\/\/thefilmby.7szkola.pl\/index.php\/wp-json\/wp\/v2\/types\/page"}],"author":[{"embeddable":true,"href":"https:\/\/thefilmby.7szkola.pl\/index.php\/wp-json\/wp\/v2\/users\/1"}],"replies":[{"embeddable":true,"href":"https:\/\/thefilmby.7szkola.pl\/index.php\/wp-json\/wp\/v2\/comments?post=29"}],"version-history":[{"count":4,"href":"https:\/\/thefilmby.7szkola.pl\/index.php\/wp-json\/wp\/v2\/pages\/29\/revisions"}],"predecessor-version":[{"id":70,"href":"https:\/\/thefilmby.7szkola.pl\/index.php\/wp-json\/wp\/v2\/pages\/29\/revisions\/70"}],"wp:attachment":[{"href":"https:\/\/thefilmby.7szkola.pl\/index.php\/wp-json\/wp\/v2\/media?parent=29"}],"curies":[{"name":"wp","href":"https:\/\/api.w.org\/{rel}","templated":true}]}}